{"id":27,"date":"2019-06-26T16:36:59","date_gmt":"2019-06-26T07:36:59","guid":{"rendered":"https:\/\/www.kitahama.or.jp\/french\/?page_id=27"},"modified":"2025-02-19T15:14:07","modified_gmt":"2025-02-19T06:14:07","slug":"home","status":"publish","type":"page","link":"https:\/\/www.kitahama.or.jp\/french\/","title":{"rendered":"Qui Sommes-nous?"},"content":{"rendered":"\n<p>KITAHAMA PARTNERS est l\u2019un des principaux cabinets d\u2019avocats d\u2019affaires internationales au Japon. Fond\u00e9 \u00e0 Osaka en 1973 et fort de plus de 50 ans d\u2019exp\u00e9rience, notre cabinet r\u00e9unit un grand nombre d\u2019avocats sp\u00e9cialis\u00e9s dans toutes les branches du droit et r\u00e9partis dans nos bureaux de Tokyo, Osaka et Fukuoka.&nbsp;&nbsp;<\/p>\n\n\n\n<p>Chacun de nos avocats est dot\u00e9 d\u2019un profil unique bas\u00e9 sur de riches exp\u00e9riences professionnelles individuellement acquises. Certains avocats ont connu une carri\u00e8re de juge, procureur, professeur de droit ou d\u2019officier minist\u00e9riel. D\u2019autres ont \u00e9t\u00e9 d\u00e9tach\u00e9s au sein des services juridiques d\u2019entreprises priv\u00e9es de renom ou d\u2019institutions publiques financi\u00e8res ou paragouvernementales. Ces diff\u00e9rentes carri\u00e8res propres \u00e0 la formation de nos avocats permettent au cabinet d\u2019aborder les affaires multidisciplinaires et d\u2019offrir une assistance juridique, tant sur le plan national qu\u2019international, \u00e0 toute entreprise et institution.&nbsp;&nbsp;<\/p>\n\n\n\n<p>La client\u00e8le du cabinet est vari\u00e9e et comprend entre autres des entreprises de toute taille op\u00e9rant dans les secteurs financier, hospitalier, immobilier et industriel, y compris de pointe, ainsi que dans les domaines des assurances et des services.&nbsp;<\/p>\n\n\n\n<p>Afin de r\u00e9pondre \u00e0 tout type de demande de la part de nos clients, notre cabinet s\u2019est notamment sp\u00e9cialis\u00e9 en droit des soci\u00e9t\u00e9s, droit commercial, droit financier, droit social et droit fiscal ainsi qu\u2019en propri\u00e9t\u00e9 intellectuelle, r\u00e9gulations, contentieux et arbitrage.&nbsp;&nbsp;<\/p>\n\n\n\n<p>Au-del\u00e0 d\u2019une couverture domestique, nous proposons nos services \u00e0 une client\u00e8le internationale y compris fran\u00e7aise. Notre cabinet rassemble de nombreux avocats japonais ayant exerc\u00e9 \u00e0 l\u2019\u00e9tranger et ma\u00eetrisant les langues \u00e9trang\u00e8res telles que l\u2019Anglais, le Fran\u00e7ais, l\u2019Allemand, l\u2019Espagnol, le Chinois et le Tch\u00e8que. Nous regroupons \u00e9galement des avocats \u00e9trangers, binationaux ou japonaise qui sont titulaires d\u2019un barreau \u00e0 l\u2019\u00e9tranger, notamment les Barreaux de Paris, New-York, Texas, Illinois et Ontario, afin de mieux appr\u00e9hender les besoins de nos clients internationaux et d\u2019y r\u00e9pondre efficacement.&nbsp;&nbsp;<\/p>\n\n\n\n<p>Enfin, pour assurer notre couverture internationale\u202fsur le terrain, nous avons nou\u00e9 des relations de confiance avec des partenaires \u00e0 travers le monde entier, dont des cabinets d\u2019avocats r\u00e9put\u00e9s implant\u00e9s aux Etats-Unis, en Europe et en Asie et s\u00e9lectionn\u00e9s parmi les sp\u00e9cialistes les mieux \u00e0 m\u00eame de conseiller nos clients localement. C\u2019est pourquoi nos clients peuvent en tout temps b\u00e9n\u00e9ficier d\u2019une prestation homog\u00e8ne de qualit\u00e9 dans plusieurs r\u00e9gions du globe.&nbsp;<\/p>\n\n\n\n<p>Le d\u00e9veloppement de notre cabinet continue sans cesse de progresser et nous poursuivons sans rel\u00e2che nos efforts pour offrir \u00e0 nos clients un service juridique de haute qualit\u00e9 et centr\u00e9 autour de la poursuite du meilleur pour nos clients, \u00abAvec Nos Clients\u00bb.&nbsp;<\/p>\n\n\n\n<p><\/p>\n","protected":false},"excerpt":{"rendered":"<p>KITAHAMA PARTNERS est l\u2019un des principaux cabinets d\u2019avocats d\u2019affaires internationales au Japon. Fond\u00e9 \u00e0 Osaka en 1973 et fort de plus de 50 ans d\u2019exp\u00e9rience, notre cabinet r\u00e9unit un grand&#8230;<\/p>\n","protected":false},"author":2,"featured_media":0,"parent":0,"menu_order":1,"comment_status":"closed","ping_status":"closed","template":"","meta":{"_acf_changed":false,"_monsterinsights_skip_tracking":false,"_monsterinsights_sitenote_active":false,"_monsterinsights_sitenote_note":"","_monsterinsights_sitenote_category":0,"footnotes":"","_links_to":"","_links_to_target":""},"class_list":["post-27","page","type-page","status-publish","hentry"],"acf":[],"yoast_head":"<!-- This site is optimized with the Yoast SEO plugin v26.2 - https:\/\/yoast.com\/wordpress\/plugins\/seo\/ -->\n<title>Kitahama Partners - Kitahama Partners souhaite avoir un r\u00e9el role social en rendant un service juridique de haute qualit\u00e9 \u00e0 ses clients.<\/title>\n<meta name=\"robots\" content=\"index, follow, max-snippet:-1, max-image-preview:large, max-video-preview:-1\" \/>\n<link rel=\"canonical\" href=\"https:\/\/www.kitahama.or.jp\/french\/\" \/>\n<meta property=\"og:locale\" content=\"fr_FR\" \/>\n<meta property=\"og:type\" content=\"article\" \/>\n<meta property=\"og:title\" content=\"Kitahama Partners - Kitahama Partners souhaite avoir un r\u00e9el role social en rendant un service juridique de haute qualit\u00e9 \u00e0 ses clients.\" \/>\n<meta property=\"og:description\" content=\"KITAHAMA PARTNERS est l\u2019un des principaux cabinets d\u2019avocats d\u2019affaires internationales au Japon. Fond\u00e9 \u00e0 Osaka en 1973 et fort de plus de 50 ans d\u2019exp\u00e9rience, notre cabinet r\u00e9unit un grand...\" \/>\n<meta property=\"og:url\" content=\"https:\/\/www.kitahama.or.jp\/french\/\" \/>\n<meta property=\"og:site_name\" content=\"Kitahama Partners\" \/>\n<meta property=\"article:modified_time\" content=\"2025-02-19T06:14:07+00:00\" \/>\n<meta name=\"twitter:card\" content=\"summary_large_image\" \/>\n<meta name=\"twitter:label1\" content=\"Est. reading time\" \/>\n\t<meta name=\"twitter:data1\" content=\"3 minutes\" \/>\n<script type=\"application\/ld+json\" class=\"yoast-schema-graph\">{\"@context\":\"https:\/\/schema.org\",\"@graph\":[{\"@type\":\"WebPage\",\"@id\":\"https:\/\/www.kitahama.or.jp\/french\/\",\"url\":\"https:\/\/www.kitahama.or.jp\/french\/\",\"name\":\"Kitahama Partners - Kitahama Partners souhaite avoir un r\u00e9el role social en rendant un service juridique de haute qualit\u00e9 \u00e0 ses clients.\",\"isPartOf\":{\"@id\":\"https:\/\/www.kitahama.or.jp\/french\/#website\"},\"datePublished\":\"2019-06-26T07:36:59+00:00\",\"dateModified\":\"2025-02-19T06:14:07+00:00\",\"breadcrumb\":{\"@id\":\"https:\/\/www.kitahama.or.jp\/french\/#breadcrumb\"},\"inLanguage\":\"fr-FR\",\"potentialAction\":[{\"@type\":\"ReadAction\",\"target\":[\"https:\/\/www.kitahama.or.jp\/french\/\"]}]},{\"@type\":\"BreadcrumbList\",\"@id\":\"https:\/\/www.kitahama.or.jp\/french\/#breadcrumb\",\"itemListElement\":[{\"@type\":\"ListItem\",\"position\":1,\"name\":\"Home\",\"item\":\"https:\/\/www.kitahama.or.jp\/french\/\"},{\"@type\":\"ListItem\",\"position\":2,\"name\":\"Qui Sommes-nous?\"}]},{\"@type\":\"WebSite\",\"@id\":\"https:\/\/www.kitahama.or.jp\/french\/#website\",\"url\":\"https:\/\/www.kitahama.or.jp\/french\/\",\"name\":\"Kitahama Partners\",\"description\":\"Kitahama Partners souhaite avoir un r\u00e9el role social en rendant un service juridique de haute qualit\u00e9 \u00e0 ses clients.\",\"publisher\":{\"@id\":\"https:\/\/www.kitahama.or.jp\/french\/#organization\"},\"potentialAction\":[{\"@type\":\"SearchAction\",\"target\":{\"@type\":\"EntryPoint\",\"urlTemplate\":\"https:\/\/www.kitahama.or.jp\/french\/?s={search_term_string}\"},\"query-input\":{\"@type\":\"PropertyValueSpecification\",\"valueRequired\":true,\"valueName\":\"search_term_string\"}}],\"inLanguage\":\"fr-FR\"},{\"@type\":\"Organization\",\"@id\":\"https:\/\/www.kitahama.or.jp\/french\/#organization\",\"name\":\"Kitahama Partners\",\"url\":\"https:\/\/www.kitahama.or.jp\/french\/\",\"logo\":{\"@type\":\"ImageObject\",\"inLanguage\":\"fr-FR\",\"@id\":\"https:\/\/www.kitahama.or.jp\/french\/#\/schema\/logo\/image\/\",\"url\":\"https:\/\/www.kitahama.or.jp\/french\/wp-content\/uploads\/2019\/06\/favicon.png\",\"contentUrl\":\"https:\/\/www.kitahama.or.jp\/french\/wp-content\/uploads\/2019\/06\/favicon.png\",\"width\":512,\"height\":512,\"caption\":\"Kitahama Partners\"},\"image\":{\"@id\":\"https:\/\/www.kitahama.or.jp\/french\/#\/schema\/logo\/image\/\"}}]}<\/script>\n<!-- \/ Yoast SEO plugin. -->","yoast_head_json":{"title":"Kitahama Partners - Kitahama Partners souhaite avoir un r\u00e9el role social en rendant un service juridique de haute qualit\u00e9 \u00e0 ses clients.","robots":{"index":"index","follow":"follow","max-snippet":"max-snippet:-1","max-image-preview":"max-image-preview:large","max-video-preview":"max-video-preview:-1"},"canonical":"https:\/\/www.kitahama.or.jp\/french\/","og_locale":"fr_FR","og_type":"article","og_title":"Kitahama Partners - Kitahama Partners souhaite avoir un r\u00e9el role social en rendant un service juridique de haute qualit\u00e9 \u00e0 ses clients.","og_description":"KITAHAMA PARTNERS est l\u2019un des principaux cabinets d\u2019avocats d\u2019affaires internationales au Japon. Fond\u00e9 \u00e0 Osaka en 1973 et fort de plus de 50 ans d\u2019exp\u00e9rience, notre cabinet r\u00e9unit un grand...","og_url":"https:\/\/www.kitahama.or.jp\/french\/","og_site_name":"Kitahama Partners","article_modified_time":"2025-02-19T06:14:07+00:00","twitter_card":"summary_large_image","twitter_misc":{"Est. reading time":"3 minutes"},"schema":{"@context":"https:\/\/schema.org","@graph":[{"@type":"WebPage","@id":"https:\/\/www.kitahama.or.jp\/french\/","url":"https:\/\/www.kitahama.or.jp\/french\/","name":"Kitahama Partners - Kitahama Partners souhaite avoir un r\u00e9el role social en rendant un service juridique de haute qualit\u00e9 \u00e0 ses clients.","isPartOf":{"@id":"https:\/\/www.kitahama.or.jp\/french\/#website"},"datePublished":"2019-06-26T07:36:59+00:00","dateModified":"2025-02-19T06:14:07+00:00","breadcrumb":{"@id":"https:\/\/www.kitahama.or.jp\/french\/#breadcrumb"},"inLanguage":"fr-FR","potentialAction":[{"@type":"ReadAction","target":["https:\/\/www.kitahama.or.jp\/french\/"]}]},{"@type":"BreadcrumbList","@id":"https:\/\/www.kitahama.or.jp\/french\/#breadcrumb","itemListElement":[{"@type":"ListItem","position":1,"name":"Home","item":"https:\/\/www.kitahama.or.jp\/french\/"},{"@type":"ListItem","position":2,"name":"Qui Sommes-nous?"}]},{"@type":"WebSite","@id":"https:\/\/www.kitahama.or.jp\/french\/#website","url":"https:\/\/www.kitahama.or.jp\/french\/","name":"Kitahama Partners","description":"Kitahama Partners souhaite avoir un r\u00e9el role social en rendant un service juridique de haute qualit\u00e9 \u00e0 ses clients.","publisher":{"@id":"https:\/\/www.kitahama.or.jp\/french\/#organization"},"potentialAction":[{"@type":"SearchAction","target":{"@type":"EntryPoint","urlTemplate":"https:\/\/www.kitahama.or.jp\/french\/?s={search_term_string}"},"query-input":{"@type":"PropertyValueSpecification","valueRequired":true,"valueName":"search_term_string"}}],"inLanguage":"fr-FR"},{"@type":"Organization","@id":"https:\/\/www.kitahama.or.jp\/french\/#organization","name":"Kitahama Partners","url":"https:\/\/www.kitahama.or.jp\/french\/","logo":{"@type":"ImageObject","inLanguage":"fr-FR","@id":"https:\/\/www.kitahama.or.jp\/french\/#\/schema\/logo\/image\/","url":"https:\/\/www.kitahama.or.jp\/french\/wp-content\/uploads\/2019\/06\/favicon.png","contentUrl":"https:\/\/www.kitahama.or.jp\/french\/wp-content\/uploads\/2019\/06\/favicon.png","width":512,"height":512,"caption":"Kitahama Partners"},"image":{"@id":"https:\/\/www.kitahama.or.jp\/french\/#\/schema\/logo\/image\/"}}]}},"_links":{"self":[{"href":"https:\/\/www.kitahama.or.jp\/french\/wp-json\/wp\/v2\/pages\/27","targetHints":{"allow":["GET"]}}],"collection":[{"href":"https:\/\/www.kitahama.or.jp\/french\/wp-json\/wp\/v2\/pages"}],"about":[{"href":"https:\/\/www.kitahama.or.jp\/french\/wp-json\/wp\/v2\/types\/page"}],"author":[{"embeddable":true,"href":"https:\/\/www.kitahama.or.jp\/french\/wp-json\/wp\/v2\/users\/2"}],"replies":[{"embeddable":true,"href":"https:\/\/www.kitahama.or.jp\/french\/wp-json\/wp\/v2\/comments?post=27"}],"version-history":[{"count":3,"href":"https:\/\/www.kitahama.or.jp\/french\/wp-json\/wp\/v2\/pages\/27\/revisions"}],"predecessor-version":[{"id":64,"href":"https:\/\/www.kitahama.or.jp\/french\/wp-json\/wp\/v2\/pages\/27\/revisions\/64"}],"wp:attachment":[{"href":"https:\/\/www.kitahama.or.jp\/french\/wp-json\/wp\/v2\/media?parent=27"}],"curies":[{"name":"wp","href":"https:\/\/api.w.org\/{rel}","templated":true}]}}